{"id":236337,"date":"2024-09-06T15:20:08","date_gmt":"2024-09-06T15:20:08","guid":{"rendered":"https:\/\/nik-hoeltschi.ch\/?page_id=236337"},"modified":"2024-09-06T22:11:59","modified_gmt":"2024-09-06T22:11:59","slug":"ueber-mich-3","status":"publish","type":"page","link":"https:\/\/nik-hoeltschi.ch\/?page_id=236337","title":{"rendered":"\u00dcber mich"},"content":{"rendered":"<p>[et_pb_section fb_built=&#8220;1&#8243; admin_label=&#8220;Workshops Area&#8220; _builder_version=&#8220;4.27.0&#8243; background_color=&#8220;#333333&#8243; background_enable_image=&#8220;off&#8220; background_blend=&#8220;overlay&#8220; min_height=&#8220;892.6px&#8220; custom_margin=&#8220;||2px|||&#8220; custom_padding=&#8220;1px||318px||false|false&#8220; global_colors_info=&#8220;{}&#8220;][et_pb_row _builder_version=&#8220;4.25.1&#8243; _module_preset=&#8220;default&#8220; max_width=&#8220;1280px&#8220; module_alignment=&#8220;center&#8220; min_height=&#8220;215px&#8220; custom_padding=&#8220;0px||0px|||&#8220; global_colors_info=&#8220;{}&#8220;][et_pb_column type=&#8220;4_4&#8243; _builder_version=&#8220;4.25.1&#8243; _module_preset=&#8220;default&#8220; global_colors_info=&#8220;{}&#8220;][et_pb_slider use_bg_overlay=&#8220;on&#8220; bg_overlay_color=&#8220;#333333&#8243; use_text_overlay=&#8220;on&#8220; text_overlay_color=&#8220;#333333&#8243; _builder_version=&#8220;4.27.0&#8243; _module_preset=&#8220;default&#8220; header_font=&#8220;Lato||||||||&#8220; header_text_align=&#8220;left&#8220; header_letter_spacing=&#8220;2px&#8220; background_color=&#8220;#333333&#8243; background_enable_image=&#8220;off&#8220; background_blend=&#8220;overlay&#8220; width=&#8220;100%&#8220; width_tablet=&#8220;100%&#8220; width_phone=&#8220;150%&#8220; width_last_edited=&#8220;on|phone&#8220; min_height=&#8220;208.8px&#8220; custom_margin=&#8220;0px|0px|22px|-70px|false|false&#8220; custom_margin_tablet=&#8220;0px||22px|-100px|false|false&#8220; custom_margin_phone=&#8220;0px|-38px|22px|-80px|false|false&#8220; custom_margin_last_edited=&#8220;off|phone&#8220; custom_padding=&#8220;0px|0px|0px|0px|false|false&#8220; mix_blend_mode=&#8220;overlay&#8220; hover_enabled=&#8220;0&#8243; header_text_align_tablet=&#8220;left&#8220; header_text_align_phone=&#8220;center&#8220; header_text_align_last_edited=&#8220;on|phone&#8220; header_font_size_tablet=&#8220;&#8220; header_font_size_phone=&#8220;12px&#8220; header_font_size_last_edited=&#8220;on|phone&#8220; box_shadow_style_image=&#8220;preset1&#8243; global_colors_info=&#8220;{}&#8220; sticky_enabled=&#8220;0&#8243;][et_pb_slide heading=&#8220;nik H\u00f6ltschi&#8220; _builder_version=&#8220;4.27.0&#8243; _module_preset=&#8220;default&#8220; header_font=&#8220;Lato|600||on|||||&#8220; header_text_align=&#8220;left&#8220; header_text_color=&#8220;#bf9d7e&#8220; header_font_size=&#8220;70px&#8220; body_font=&#8220;Lato|||on|||||&#8220; body_text_color=&#8220;#bf9d7e&#8220; body_font_size=&#8220;30px&#8220; body_letter_spacing=&#8220;4px&#8220; body_line_height=&#8220;1.2em&#8220; custom_padding=&#8220;|||0px|false|false&#8220; hover_enabled=&#8220;0&#8243; header_font_size_tablet=&#8220;70px&#8220; header_font_size_phone=&#8220;32px&#8220; header_font_size_last_edited=&#8220;on|phone&#8220; header_line_height_tablet=&#8220;1em&#8220; header_line_height_phone=&#8220;1.4em&#8220; header_line_height_last_edited=&#8220;on|phone&#8220; body_font_size_tablet=&#8220;30px&#8220; body_font_size_phone=&#8220;22px&#8220; body_font_size_last_edited=&#8220;on|phone&#8220; global_colors_info=&#8220;{}&#8220; sticky_transition=&#8220;on&#8220; sticky_enabled=&#8220;0&#8243;]<\/p>\n<p style=\"text-align: left;\">Meine Vision \/ meine Aus- und Weiterbildung<\/p>\n<p>[\/et_pb_slide][\/et_pb_slider][\/et_pb_column][\/et_pb_row][et_pb_row column_structure=&#8220;1_2,1_2&#8243; _builder_version=&#8220;4.27.0&#8243; _module_preset=&#8220;default&#8220; background_color=&#8220;#bf9d7e&#8220; use_background_color_gradient=&#8220;on&#8220; background_color_gradient_direction=&#8220;140deg&#8220; background_color_gradient_stops=&#8220;#bf9d7e 0%|#5d534a 87%|#333333 99%&#8220; width_tablet=&#8220;&#8220; width_phone=&#8220;90%&#8220; width_last_edited=&#8220;on|phone&#8220; max_width=&#8220;1280px&#8220; max_width_tablet=&#8220;1280px&#8220; max_width_phone=&#8220;1157%&#8220; max_width_last_edited=&#8220;on|phone&#8220; custom_margin=&#8220;-10px|auto|-325px|auto|false|false&#8220; custom_padding=&#8220;|||0px||&#8220; global_colors_info=&#8220;{}&#8220;][et_pb_column type=&#8220;1_2&#8243; _builder_version=&#8220;4.25.1&#8243; _module_preset=&#8220;default&#8220; global_colors_info=&#8220;{}&#8220;][et_pb_text admin_label=&#8220;Title&#8220; _builder_version=&#8220;4.27.0&#8243; text_font=&#8220;Poppins|300|||||||&#8220; text_text_color=&#8220;#333333&#8243; text_font_size=&#8220;18px&#8220; text_line_height=&#8220;1.5em&#8220; link_font=&#8220;|600||on|||||&#8220; link_text_color=&#8220;#333333&#8243; link_font_size=&#8220;16px&#8220; link_letter_spacing=&#8220;3px&#8220; link_line_height=&#8220;1.8em&#8220; header_font=&#8220;||||||||&#8220; header_3_font=&#8220;Poppins|600|||||||&#8220; header_3_text_align=&#8220;center&#8220; header_3_text_color=&#8220;#333333&#8243; header_3_font_size=&#8220;30px&#8220; header_3_line_height=&#8220;1.8em&#8220; background_color=&#8220;RGBA(255,255,255,0)&#8220; text_orientation=&#8220;center&#8220; custom_margin=&#8220;0px||0px||false|false&#8220; custom_padding=&#8220;0px|40px|96px|80px|false|false&#8220; custom_padding_tablet=&#8220;40px|40px|4px|40px||&#8220; custom_padding_phone=&#8220;40px|20px|4px|20px|false|false&#8220; custom_padding_last_edited=&#8220;on|phone&#8220; animation_style=&#8220;fade&#8220; locked=&#8220;off&#8220; global_colors_info=&#8220;{}&#8220;]<\/p>\n<h4><\/h4>\n<p>&nbsp;<\/p>\n<p>&nbsp;<\/p>\n<p>[\/et_pb_text][et_pb_text _builder_version=&#8220;4.27.0&#8243; _module_preset=&#8220;default&#8220; text_font=&#8220;Poppins||||||||&#8220; text_text_color=&#8220;#333333&#8243; text_font_size=&#8220;35px&#8220; text_line_height=&#8220;1em&#8220; custom_margin=&#8220;|40px||80px|false|false&#8220; custom_margin_tablet=&#8220;|40px||80px|false|false&#8220; custom_margin_phone=&#8220;|40px||20px|false|false&#8220; custom_margin_last_edited=&#8220;on|phone&#8220; custom_padding=&#8220;0px||0px|||&#8220; text_font_size_tablet=&#8220;35px&#8220; text_font_size_phone=&#8220;26px&#8220; text_font_size_last_edited=&#8220;on|phone&#8220; global_colors_info=&#8220;{}&#8220;]<\/p>\n<p>Meine Vision<\/p>\n<p>[\/et_pb_text][et_pb_text _builder_version=&#8220;4.27.0&#8243; _module_preset=&#8220;default&#8220; text_font=&#8220;Poppins|300|||||||&#8220; text_text_color=&#8220;#333333&#8243; text_font_size=&#8220;18px&#8220; width=&#8220;100%&#8220; width_tablet=&#8220;100%&#8220; width_phone=&#8220;96%&#8220; width_last_edited=&#8220;on|phone&#8220; custom_margin_tablet=&#8220;&#8220; custom_margin_phone=&#8220;&#8220; custom_margin_last_edited=&#8220;on|phone&#8220; custom_padding=&#8220;|0px||80px|false|false&#8220; custom_padding_tablet=&#8220;|40px||80px|false|false&#8220; custom_padding_phone=&#8220;|||20px|false|false&#8220; custom_padding_last_edited=&#8220;on|phone&#8220; global_colors_info=&#8220;{}&#8220;]<\/p>\n<div data-canvas-width=\"292.57766399999986\">\n<p><strong>erfinden, entwickeln\/konstruieren, kreieren\/erschaffen, umsetzen\/optimieren, l\u00e4uft, fertig, next<br \/><\/strong><\/p>\n<p>Die perfekte L\u00f6sung, auch zu absurden Anforderungen zu finden, ist f\u00fcr mich ein Ansporn f\u00fcr Bestleistung &#8222;geht nicht &#8211; schauen wir mal&#8220;.<\/p>\n<p>Die Projekte selbst zu planen und selbst umzusetzen liegt mir am Herzen, denn ich bin mit auch mit Leib und Seele ein Handwerker.<\/p>\n<p>Ich liebe es, wenn die Projekte einwandfrei laufen und Freude bereiten.<\/p>\n<\/div>\n<p>[\/et_pb_text][\/et_pb_column][et_pb_column type=&#8220;1_2&#8243; _builder_version=&#8220;4.25.1&#8243; _module_preset=&#8220;default&#8220; global_colors_info=&#8220;{}&#8220;][et_pb_slider arrows_custom_color=&#8220;#333333&#8243; dot_nav_custom_color=&#8220;#333333&#8243; module_class=&#8220;buttom_fixed_buttons&#8220; _builder_version=&#8220;4.27.0&#8243; _module_preset=&#8220;default&#8220; header_font=&#8220;Poppins||||||||&#8220; header_text_color=&#8220;#333333&#8243; body_font=&#8220;Poppins|300|||||||&#8220; body_text_align=&#8220;center&#8220; body_text_color=&#8220;#333333&#8243; body_font_size=&#8220;18px&#8220; background_color=&#8220;#bf9d7e&#8220; custom_button=&#8220;on&#8220; button_text_size=&#8220;16px&#8220; button_text_color=&#8220;#333333&#8243; button_border_width=&#8220;0px&#8220; button_font=&#8220;Poppins|300|||||||&#8220; button_icon_color=&#8220;#333333&#8243; button_alignment=&#8220;center&#8220; button_custom_margin=&#8220;||20px||false|false&#8220; width=&#8220;117.3%&#8220; min_height=&#8220;425px&#8220; max_height=&#8220;747px&#8220; custom_margin=&#8220;21px|-155px|-150px|12px|false|false&#8220; custom_margin_tablet=&#8220;21px|5px|-150px|5px|false|false&#8220; custom_margin_phone=&#8220;|-40px||-40px|false|false&#8220; custom_margin_last_edited=&#8220;on|tablet&#8220; custom_padding=&#8220;20px|0px|35px|0px|false|false&#8220; custom_padding_tablet=&#8220;20px|0px|35px|0px|false|false&#8220; custom_padding_phone=&#8220;20px||||false|false&#8220; custom_padding_last_edited=&#8220;on|phone&#8220; animation_style=&#8220;slide&#8220; animation_direction=&#8220;left&#8220; animation_duration=&#8220;150ms&#8220; animation_starting_opacity=&#8220;26%&#8220; hover_transition_duration=&#8220;100ms&#8220; box_shadow_style=&#8220;preset1&#8243; box_shadow_style_button=&#8220;preset1&#8243; global_colors_info=&#8220;{}&#8220;][et_pb_slide arrows_custom_color=&#8220;#333333&#8243; dot_nav_custom_color=&#8220;#333333&#8243; _builder_version=&#8220;4.27.0&#8243; _module_preset=&#8220;default&#8220; header_level=&#8220;h2&#8243; header_font=&#8220;Poppins|500|||||||&#8220; header_text_align=&#8220;center&#8220; header_text_color=&#8220;#333333&#8243; header_line_height=&#8220;1.7em&#8220; body_font=&#8220;Poppins|300|||||||&#8220; body_text_color=&#8220;#000000&#8243; body_line_height=&#8220;1.2em&#8220; background_color=&#8220;#bf9d7e&#8220; background_enable_color=&#8220;on&#8220; button_alignment=&#8220;center&#8220; background_layout=&#8220;light&#8220; custom_padding=&#8220;45px||70px||false|false&#8220; mix_blend_mode_tablet=&#8220;&#8220; mix_blend_mode_phone=&#8220;&#8220; mix_blend_mode_last_edited=&#8220;on|desktop&#8220; box_shadow_style_image=&#8220;preset1&#8243; global_colors_info=&#8220;{}&#8220; sticky_transition=&#8220;on&#8220;]<\/p>\n<h1><img loading=\"lazy\" decoding=\"async\" src=\"https:\/\/nik-hoeltschi.ch\/wp-content\/uploads\/2024\/09\/Bohrmaschine-gmale.jpeg\" width=\"482\" height=\"624\" alt=\"\" class=\"wp-image-236571 alignnone size-full\" srcset=\"https:\/\/nik-hoeltschi.ch\/wp-content\/uploads\/2024\/09\/Bohrmaschine-gmale.jpeg 482w, https:\/\/nik-hoeltschi.ch\/wp-content\/uploads\/2024\/09\/Bohrmaschine-gmale-480x621.jpeg 480w\" sizes=\"(min-width: 0px) and (max-width: 480px) 480px, (min-width: 481px) 482px, 100vw\" \/><\/h1>\n<p>Das ist meine Vision einer Bohrmaschine&#8230;<\/p>\n<p>[\/et_pb_slide][et_pb_slide arrows_custom_color=&#8220;#333333&#8243; dot_nav_custom_color=&#8220;#333333&#8243; _builder_version=&#8220;4.27.0&#8243; _module_preset=&#8220;default&#8220; header_level=&#8220;h2&#8243; header_font=&#8220;Poppins|500|||||||&#8220; header_text_align=&#8220;center&#8220; header_text_color=&#8220;#333333&#8243; header_line_height=&#8220;1.7em&#8220; body_font=&#8220;Poppins|300|||||||&#8220; body_text_color=&#8220;#000000&#8243; body_line_height=&#8220;1.2em&#8220; background_color=&#8220;#bf9d7e&#8220; background_enable_color=&#8220;on&#8220; button_alignment=&#8220;center&#8220; background_layout=&#8220;light&#8220; custom_padding=&#8220;45px||70px||false|false&#8220; mix_blend_mode_tablet=&#8220;&#8220; mix_blend_mode_phone=&#8220;&#8220; mix_blend_mode_last_edited=&#8220;on|desktop&#8220; box_shadow_style_image=&#8220;preset1&#8243; global_colors_info=&#8220;{}&#8220; sticky_transition=&#8220;on&#8220;]<\/p>\n<h1><img loading=\"lazy\" decoding=\"async\" src=\"https:\/\/nik-hoeltschi.ch\/wp-content\/uploads\/2024\/09\/3-Nik-Hoeltschi-Runder-Ausziehtisch-Mechanik.jpg\" width=\"754\" height=\"485\" alt=\"\" class=\"wp-image-236504 alignnone size-full\" srcset=\"https:\/\/nik-hoeltschi.ch\/wp-content\/uploads\/2024\/09\/3-Nik-Hoeltschi-Runder-Ausziehtisch-Mechanik.jpg 754w, https:\/\/nik-hoeltschi.ch\/wp-content\/uploads\/2024\/09\/3-Nik-Hoeltschi-Runder-Ausziehtisch-Mechanik-480x309.jpg 480w\" sizes=\"(min-width: 0px) and (max-width: 480px) 480px, (min-width: 481px) 754px, 100vw\" \/><\/h1>\n<p>oder meine Vision von einem Tisch&#8230;<\/p>\n<p>[\/et_pb_slide][et_pb_slide arrows_custom_color=&#8220;#333333&#8243; dot_nav_custom_color=&#8220;#333333&#8243; _builder_version=&#8220;4.27.0&#8243; _module_preset=&#8220;default&#8220; header_level=&#8220;h2&#8243; header_font=&#8220;Poppins|500|||||||&#8220; header_text_align=&#8220;center&#8220; header_text_color=&#8220;#333333&#8243; header_line_height=&#8220;1.7em&#8220; body_font=&#8220;Poppins|300|||||||&#8220; body_text_color=&#8220;#000000&#8243; body_line_height=&#8220;1.2em&#8220; background_color=&#8220;#bf9d7e&#8220; background_enable_color=&#8220;on&#8220; button_alignment=&#8220;center&#8220; background_layout=&#8220;light&#8220; custom_padding=&#8220;45px||70px||false|false&#8220; mix_blend_mode_tablet=&#8220;&#8220; mix_blend_mode_phone=&#8220;&#8220; mix_blend_mode_last_edited=&#8220;on|desktop&#8220; box_shadow_style_image=&#8220;preset1&#8243; global_colors_info=&#8220;{}&#8220; sticky_transition=&#8220;on&#8220;]<\/p>\n<h1><img loading=\"lazy\" decoding=\"async\" src=\"https:\/\/nik-hoeltschi.ch\/wp-content\/uploads\/2024\/09\/1-Nik-Hoeltschi-Runder-Ausziehtisch-Mechanik.jpg\" width=\"772\" height=\"482\" alt=\"\" class=\"wp-image-236502 alignnone size-full\" srcset=\"https:\/\/nik-hoeltschi.ch\/wp-content\/uploads\/2024\/09\/1-Nik-Hoeltschi-Runder-Ausziehtisch-Mechanik.jpg 772w, https:\/\/nik-hoeltschi.ch\/wp-content\/uploads\/2024\/09\/1-Nik-Hoeltschi-Runder-Ausziehtisch-Mechanik-480x300.jpg 480w\" sizes=\"(min-width: 0px) and (max-width: 480px) 480px, (min-width: 481px) 772px, 100vw\" \/><\/h1>\n<p>&nbsp;<\/p>\n<p>[\/et_pb_slide][\/et_pb_slider][\/et_pb_column][\/et_pb_row][\/et_pb_section][et_pb_section fb_built=&#8220;1&#8243; admin_label=&#8220;Workshops Area&#8220; _builder_version=&#8220;4.27.0&#8243; background_color=&#8220;#333333&#8243; background_enable_image=&#8220;off&#8220; background_blend=&#8220;overlay&#8220; min_height=&#8220;250px&#8220; custom_margin=&#8220;-8px||0px||false|false&#8220; custom_padding=&#8220;0px||14px||false|false&#8220; global_colors_info=&#8220;{}&#8220;][\/et_pb_section][et_pb_section fb_built=&#8220;1&#8243; admin_label=&#8220;Workshops Area&#8220; _builder_version=&#8220;4.27.0&#8243; background_color=&#8220;#333333&#8243; background_enable_image=&#8220;off&#8220; background_blend=&#8220;overlay&#8220; min_height=&#8220;893px&#8220; height_tablet=&#8220;1150px&#8220; height_phone=&#8220;1150px&#8220; height_last_edited=&#8220;on|tablet&#8220; custom_margin=&#8220;-2px||-7px||false|false&#8220; custom_padding=&#8220;10px||7px||false|false&#8220; global_colors_info=&#8220;{}&#8220;][et_pb_row column_structure=&#8220;1_2,1_2&#8243; _builder_version=&#8220;4.27.0&#8243; _module_preset=&#8220;default&#8220; background_color=&#8220;#bf9d7e&#8220; use_background_color_gradient=&#8220;on&#8220; background_color_gradient_direction=&#8220;140deg&#8220; background_color_gradient_stops=&#8220;#bf9d7e 0%|#333333 99%&#8220; width_tablet=&#8220;&#8220; width_phone=&#8220;90%&#8220; width_last_edited=&#8220;on|phone&#8220; max_width=&#8220;1280px&#8220; custom_margin=&#8220;-10px|auto|-325px|auto|false|false&#8220; custom_margin_tablet=&#8220;-10px|auto|-325px|auto|false|false&#8220; custom_margin_phone=&#8220;-10px|auto|-3px|auto|false|false&#8220; custom_margin_last_edited=&#8220;on|phone&#8220; custom_padding=&#8220;|||0px||&#8220; global_colors_info=&#8220;{}&#8220;][et_pb_column type=&#8220;1_2&#8243; _builder_version=&#8220;4.25.1&#8243; _module_preset=&#8220;default&#8220; global_colors_info=&#8220;{}&#8220;][et_pb_text admin_label=&#8220;Title&#8220; _builder_version=&#8220;4.25.1&#8243; text_font=&#8220;Poppins|300|||||||&#8220; text_text_color=&#8220;#333333&#8243; text_font_size=&#8220;18px&#8220; text_line_height=&#8220;1.5em&#8220; link_font=&#8220;|600||on|||||&#8220; link_text_color=&#8220;#333333&#8243; link_font_size=&#8220;16px&#8220; link_letter_spacing=&#8220;3px&#8220; link_line_height=&#8220;1.8em&#8220; header_font=&#8220;||||||||&#8220; header_3_font=&#8220;Poppins|600|||||||&#8220; header_3_text_align=&#8220;center&#8220; header_3_text_color=&#8220;#333333&#8243; header_3_font_size=&#8220;30px&#8220; header_3_line_height=&#8220;1.8em&#8220; background_color=&#8220;RGBA(255,255,255,0)&#8220; text_orientation=&#8220;center&#8220; custom_margin=&#8220;0px||0px||false|false&#8220; custom_padding=&#8220;0px|40px|96px|80px|false|false&#8220; custom_padding_tablet=&#8220;40px|40px|4px|40px||&#8220; custom_padding_phone=&#8220;40px|20px|4px|20px|false|false&#8220; custom_padding_last_edited=&#8220;on|phone&#8220; animation_style=&#8220;fade&#8220; locked=&#8220;off&#8220; global_colors_info=&#8220;{}&#8220;]<\/p>\n<h4><\/h4>\n<p>&nbsp;<\/p>\n<p>&nbsp;<\/p>\n<p>[\/et_pb_text][et_pb_text _builder_version=&#8220;4.27.0&#8243; _module_preset=&#8220;default&#8220; text_font=&#8220;Poppins||||||||&#8220; text_text_color=&#8220;#333333&#8243; text_font_size=&#8220;35px&#8220; text_line_height=&#8220;1.2em&#8220; custom_margin=&#8220;|40px||80px|false|false&#8220; custom_margin_tablet=&#8220;|40px||80px|false|false&#8220; custom_margin_phone=&#8220;|0px||20px|false|false&#8220; custom_margin_last_edited=&#8220;on|phone&#8220; custom_padding=&#8220;0px||0px|||&#8220; text_font_size_tablet=&#8220;35px&#8220; text_font_size_phone=&#8220;26px&#8220; text_font_size_last_edited=&#8220;on|phone&#8220; global_colors_info=&#8220;{}&#8220;]<\/p>\n<p>Meine Aus- und Weiterbildungen<\/p>\n<p>[\/et_pb_text][et_pb_text _builder_version=&#8220;4.27.0&#8243; _module_preset=&#8220;default&#8220; text_font=&#8220;Poppins|300|||||||&#8220; text_text_color=&#8220;#333333&#8243; text_font_size=&#8220;18px&#8220; width=&#8220;100%&#8220; custom_padding=&#8220;|0px||80px|false|false&#8220; custom_padding_tablet=&#8220;|0px||80px|false|false&#8220; custom_padding_phone=&#8220;|0px||20px|false|false&#8220; custom_padding_last_edited=&#8220;on|phone&#8220; global_colors_info=&#8220;{}&#8220;]<\/p>\n<div data-canvas-width=\"292.57766399999986\">\n<p>Nik H\u00f6ltschi, geboren 1977 in Z\u00fcrich<br \/>1993 \u2013 1997 Lehre als Maschinenmechaniker mit Zusatzausbildung zum Mechatroniker<br \/>1999 \u2013 2002 Ausbildung zum Techniker TS Fachrichtung Konstruktionstechnik<br \/>1997 \u2013 2000 CNC-Mechaniker im Prototypenbau<br \/>2000 \u2013 2006 Konstrukteur im Bereich Sonderanlagenbau f\u00fcr Kabelkonfektion<br \/>(Hauptaufgabe: Handarbeitsschritte vollautomatisch ersetzen)<br \/>2011 \u2013 2020 Teilzeit (80%) als Konstrukteur\/Projektleiter bei USM Sch\u00e4rer &amp; S\u00f6hne AG<br \/>(Umgesetzte Produkte: Haller<br \/>Tisch plus\/advanced, Kitos M, Haller safety, Haller Pflanzenwelten)<br \/>Seit 2006 Selbstst\u00e4ndig \/ Freelancer\u00a0\u2026<\/p>\n<\/div>\n<p>[\/et_pb_text][et_pb_divider show_divider=&#8220;off&#8220; _builder_version=&#8220;4.25.1&#8243; _module_preset=&#8220;default&#8220; global_colors_info=&#8220;{}&#8220;][\/et_pb_divider][\/et_pb_column][et_pb_column type=&#8220;1_2&#8243; _builder_version=&#8220;4.25.1&#8243; _module_preset=&#8220;default&#8220; global_colors_info=&#8220;{}&#8220;][et_pb_slider arrows_custom_color=&#8220;#333333&#8243; dot_nav_custom_color=&#8220;#333333&#8243; module_class=&#8220;buttom_fixed_buttons&#8220; _builder_version=&#8220;4.27.0&#8243; _module_preset=&#8220;default&#8220; header_font=&#8220;Poppins||||||||&#8220; header_text_color=&#8220;#333333&#8243; body_font=&#8220;Poppins|300|||||||&#8220; body_text_align=&#8220;center&#8220; body_text_color=&#8220;#333333&#8243; body_font_size=&#8220;18px&#8220; background_color=&#8220;#bf9d7e&#8220; custom_button=&#8220;on&#8220; button_text_size=&#8220;16px&#8220; button_text_color=&#8220;#333333&#8243; button_border_width=&#8220;0px&#8220; button_font=&#8220;Poppins|300|||||||&#8220; button_icon_color=&#8220;#333333&#8243; button_alignment=&#8220;center&#8220; button_custom_margin=&#8220;||20px||false|false&#8220; width=&#8220;117.3%&#8220; min_height=&#8220;425px&#8220; custom_margin=&#8220;21px|-155px|-150px|12px|false|false&#8220; custom_margin_tablet=&#8220;21px|5px|-150px|5px|false|false&#8220; custom_margin_phone=&#8220;21px|-40px|-150px|-40px|false|false&#8220; custom_margin_last_edited=&#8220;on|phone&#8220; custom_padding=&#8220;35px|0px|35px|0px|false|false&#8220; hover_transition_duration=&#8220;100ms&#8220; body_line_height_tablet=&#8220;&#8220; body_line_height_phone=&#8220;1.7em&#8220; body_line_height_last_edited=&#8220;on|phone&#8220; box_shadow_style=&#8220;preset1&#8243; box_shadow_style_button=&#8220;preset1&#8243; global_colors_info=&#8220;{}&#8220;][et_pb_slide arrows_custom_color=&#8220;#333333&#8243; dot_nav_custom_color=&#8220;#333333&#8243; _builder_version=&#8220;4.27.0&#8243; _module_preset=&#8220;default&#8220; header_level=&#8220;h2&#8243; header_font=&#8220;Poppins|500|||||||&#8220; header_text_align=&#8220;center&#8220; header_text_color=&#8220;#333333&#8243; header_line_height=&#8220;1.7em&#8220; body_font=&#8220;Poppins|300|||||||&#8220; body_text_color=&#8220;#000000&#8243; body_line_height=&#8220;1em&#8220; background_color=&#8220;#bf9d7e&#8220; background_enable_color=&#8220;on&#8220; button_alignment=&#8220;center&#8220; background_layout=&#8220;light&#8220; mix_blend_mode_tablet=&#8220;&#8220; mix_blend_mode_phone=&#8220;&#8220; mix_blend_mode_last_edited=&#8220;on|desktop&#8220; box_shadow_style_image=&#8220;preset1&#8243; global_colors_info=&#8220;{}&#8220; sticky_transition=&#8220;on&#8220;]<\/p>\n<h1><img loading=\"lazy\" decoding=\"async\" src=\"https:\/\/nik-hoeltschi.ch\/wp-content\/uploads\/2024\/09\/Pestalozzi-handshake.jpeg\" width=\"1056\" height=\"754\" alt=\"\" class=\"wp-image-236575 alignnone size-full\" srcset=\"https:\/\/nik-hoeltschi.ch\/wp-content\/uploads\/2024\/09\/Pestalozzi-handshake.jpeg 1056w, https:\/\/nik-hoeltschi.ch\/wp-content\/uploads\/2024\/09\/Pestalozzi-handshake-980x700.jpeg 980w, https:\/\/nik-hoeltschi.ch\/wp-content\/uploads\/2024\/09\/Pestalozzi-handshake-480x343.jpeg 480w\" sizes=\"(min-width: 0px) and (max-width: 480px) 480px, (min-width: 481px) and (max-width: 980px) 980px, (min-width: 981px) 1056px, 100vw\" \/><\/h1>\n<h1><\/h1>\n<h1><\/h1>\n<h1><\/h1>\n<h1><img loading=\"lazy\" decoding=\"async\" src=\"https:\/\/nik-hoeltschi.ch\/wp-content\/uploads\/2024\/09\/Pestalozzi-foetzel.jpeg\" width=\"483\" height=\"345\" alt=\"\" class=\"wp-image-236574 alignnone size-full\" srcset=\"https:\/\/nik-hoeltschi.ch\/wp-content\/uploads\/2024\/09\/Pestalozzi-foetzel.jpeg 483w, https:\/\/nik-hoeltschi.ch\/wp-content\/uploads\/2024\/09\/Pestalozzi-foetzel-480x343.jpeg 480w\" sizes=\"(min-width: 0px) and (max-width: 480px) 480px, (min-width: 481px) 483px, 100vw\" \/><\/h1>\n<h1><\/h1>\n<h1><\/h1>\n<h1><\/h1>\n<div data-canvas-width=\"292.57766399999986\"><\/div>\n<p>[\/et_pb_slide][\/et_pb_slider][\/et_pb_column][\/et_pb_row][\/et_pb_section][et_pb_section fb_built=&#8220;1&#8243; admin_label=&#8220;Workshops Area&#8220; _builder_version=&#8220;4.27.0&#8243; background_color=&#8220;#333333&#8243; background_enable_image=&#8220;off&#8220; background_blend=&#8220;overlay&#8220; min_height=&#8220;180px&#8220; min_height_tablet=&#8220;180px&#8220; min_height_phone=&#8220;538px&#8220; min_height_last_edited=&#8220;on|phone&#8220; custom_margin=&#8220;0px||0px||false|false&#8220; custom_padding=&#8220;0px||197px||false|false&#8220; global_colors_info=&#8220;{}&#8220;][\/et_pb_section]<\/p>\n","protected":false},"excerpt":{"rendered":"<p>Meine Vision \/ meine Aus- und Weiterbildung &nbsp; &nbsp;Meine Vision erfinden, entwickeln\/konstruieren, kreieren\/erschaffen, umsetzen\/optimieren, l\u00e4uft, fertig, next Die perfekte L\u00f6sung, auch zu absurden Anforderungen zu finden, ist f\u00fcr mich ein Ansporn f\u00fcr Bestleistung &#8222;geht nicht &#8211; schauen wir mal&#8220;. Die Projekte selbst zu planen und selbst umzusetzen liegt mir am Herzen, denn ich bin mit [&hellip;]<\/p>\n","protected":false},"author":3,"featured_media":0,"parent":0,"menu_order":0,"comment_status":"closed","ping_status":"closed","template":"","meta":{"_et_pb_use_builder":"on","_et_pb_old_content":"","_et_gb_content_width":"","footnotes":""},"class_list":["post-236337","page","type-page","status-publish","hentry"],"_links":{"self":[{"href":"https:\/\/nik-hoeltschi.ch\/index.php?rest_route=\/wp\/v2\/pages\/236337","targetHints":{"allow":["GET"]}}],"collection":[{"href":"https:\/\/nik-hoeltschi.ch\/index.php?rest_route=\/wp\/v2\/pages"}],"about":[{"href":"https:\/\/nik-hoeltschi.ch\/index.php?rest_route=\/wp\/v2\/types\/page"}],"author":[{"embeddable":true,"href":"https:\/\/nik-hoeltschi.ch\/index.php?rest_route=\/wp\/v2\/users\/3"}],"replies":[{"embeddable":true,"href":"https:\/\/nik-hoeltschi.ch\/index.php?rest_route=%2Fwp%2Fv2%2Fcomments&post=236337"}],"version-history":[{"count":26,"href":"https:\/\/nik-hoeltschi.ch\/index.php?rest_route=\/wp\/v2\/pages\/236337\/revisions"}],"predecessor-version":[{"id":236806,"href":"https:\/\/nik-hoeltschi.ch\/index.php?rest_route=\/wp\/v2\/pages\/236337\/revisions\/236806"}],"wp:attachment":[{"href":"https:\/\/nik-hoeltschi.ch\/index.php?rest_route=%2Fwp%2Fv2%2Fmedia&parent=236337"}],"curies":[{"name":"wp","href":"https:\/\/api.w.org\/{rel}","templated":true}]}}